{"id":173,"date":"2024-01-09T10:46:09","date_gmt":"2024-01-09T10:46:09","guid":{"rendered":"http:\/\/jatuni.fi\/?page_id=173"},"modified":"2024-01-12T20:06:10","modified_gmt":"2024-01-12T18:06:10","slug":"kalastus","status":"publish","type":"page","link":"https:\/\/jatuni.fi\/en\/kalastus\/","title":{"rendered":"Er\u00e4, kalastus ja mets\u00e4stys"},"content":{"rendered":"<p>Villa Jatuni sijaitsee aivan Muonionjoen rannalla. <\/p>\n\n\n<div class=\"wp-block-image\">\n<figure class=\"alignright size-full is-resized\"><img loading=\"lazy\" decoding=\"async\" width=\"960\" height=\"639\" src=\"https:\/\/jatuni.fi\/wp-content\/uploads\/2016\/08\/3.jpg\" alt=\"\" class=\"wp-image-56\" style=\"width:509px;height:auto\" srcset=\"https:\/\/jatuni.fi\/wp-content\/uploads\/2016\/08\/3.jpg 960w, https:\/\/jatuni.fi\/wp-content\/uploads\/2016\/08\/3-300x200.jpg 300w, https:\/\/jatuni.fi\/wp-content\/uploads\/2016\/08\/3-768x511.jpg 768w\" sizes=\"auto, (max-width: 960px) 100vw, 960px\" \/><\/figure>\n<\/div>\n\n\n<p><a href=\"http:\/\/www.eraluvat.fi\/\">Er\u00e4luvat.fi<\/a> kertoo joesta: \u201dTornion-Muonionjoki on Euroopan pisin vapaana virtaava lohijoki. Se on my\u00f6s Suomen ja Ruotsin v\u00e4linen rajajoki. Lohen lis\u00e4ksi joessa on meritaimenta ja harjusta.<\/p>\n\n\n\n<p>Tornion-Muonionjoen-K\u00f6nk\u00e4m\u00e4enon viehekalastuksen yhteislupa-alue on suosittu viehe- ja perhokalastajien keskuudessa. Perinteinen kalastusmuoto &#8221;V\u00e4yl\u00e4ll\u00e4&#8221; on lohensoutu, mutta rannalta kalastamiseen l\u00f6ytyy hyvi\u00e4 paikkoja pitkin jokivartta.\u201d<\/p>\n\n\n\n<h2 class=\"wp-block-heading\">Vapa-alue<\/h2>\n\n\n\n<p>Mets\u00e4hallituksen hallinnoimat valtion vedet on jaettu&nbsp;<a href=\"https:\/\/www.eraluvat.fi\/kalastus\/kalastusmaksut-ja-luvat\/vapalupa\/alueet.html\">vapalupa-alueisiin.<\/a>&nbsp;Osa vapalupa-alueista k\u00e4sitt\u00e4\u00e4 yhden joen tai j\u00e4rven,&nbsp;osa laajempia kokonaisuuksia. Vapalupa-alueella saa kalastaa, kun hankkii kyseiselle alueelle&nbsp;<strong>vapaluvan<\/strong>.&nbsp;Talon kohdalla on koski, joka ei ole osa vapa-aluetta. Talolta ala- ja yl\u00e4virtaan vapa-alueeseen <a href=\"https:\/\/www.eraluvat.fi\/kalastus\/kalastusmaksut-ja-luvat\/vapalupa\/alueet\/tornionjoki-muonionjoki-konkamaeno.html\">2502 Torniojoki-Muoniojoki ja K\u00f6nk\u00e4m\u00e4eno<\/a>.<\/p>\n\n\n\n<p>Voit ostaa kalastusluvan <a href=\"https:\/\/verkkokauppa.eraluvat.fi\/fi\/kalastusluvat\/vapalupa\/lappi-vapalupa\/tornion-muonionjoki-konkamaeno\/\">Er\u00e4luvat-verkkokaupasta<\/a><\/p>\n\n\n\n<figure class=\"wp-block-image size-large\"><img loading=\"lazy\" decoding=\"async\" width=\"1024\" height=\"912\" src=\"https:\/\/jatuni.fi\/wp-content\/uploads\/2024\/01\/image-1-1024x912.png\" alt=\"\" class=\"wp-image-472\" srcset=\"https:\/\/jatuni.fi\/wp-content\/uploads\/2024\/01\/image-1-1024x912.png 1024w, https:\/\/jatuni.fi\/wp-content\/uploads\/2024\/01\/image-1-300x267.png 300w, https:\/\/jatuni.fi\/wp-content\/uploads\/2024\/01\/image-1-768x684.png 768w, https:\/\/jatuni.fi\/wp-content\/uploads\/2024\/01\/image-1-13x12.png 13w, https:\/\/jatuni.fi\/wp-content\/uploads\/2024\/01\/image-1-130x116.png 130w, https:\/\/jatuni.fi\/wp-content\/uploads\/2024\/01\/image-1.png 1082w\" sizes=\"auto, (max-width: 1024px) 100vw, 1024px\" \/><\/figure>\n\n\n\n<h2 class=\"wp-block-heading\">Pilkkiminen<\/h2>\n\n\n\n<p>Pilkkiminen ei vaadi kalastuslupaa. L\u00f6yd\u00e4t talosta j\u00e4\u00e4kairan ja pilkkionget. Voit ostaa sy\u00f6ttej\u00e4 Rajacafesta Kaaresuvannosta. <\/p>\n\n\n\n<p>Muista, ett\u00e4 pilkkiminen on kielletty\u00e4 vaelluskalavesist\u00f6jen koski- ja virta-alueilla. Tarkasta aina se kohta, jossa aiot pilkki\u00e4. Talon kohdalla on koskialue, jossa pilkkiminen ei ole sallittua.<\/p>\n\n\n\n<p><strong>Varoitus<\/strong><\/p>\n\n\n\n<p>Virtaus joessa on voimakas ja j\u00e4\u00e4n paksuus voi vaihdella voimakkaasti. Varmista, ett\u00e4 j\u00e4\u00e4 kest\u00e4\u00e4, ennen kuin liikut j\u00e4\u00e4ll\u00e4.<\/p>\n\n\n\n<h2 class=\"wp-block-heading\">Mets\u00e4stys<\/h2>\n\n\n\n<p>Villa Jatuni sijaitsee <a href=\"https:\/\/verkkokauppa.eraluvat.fi\/fi\/metsastysluvat\/pienriistaluvat\/lappi-pienriista\/hetta-karesuvanto\/\">Hetta-Karesuvannon lupa-alueella,<\/a> 1614. Riistalajeina alueella on kanalinnut (riekko), vesilinnut, pienpedot ja j\u00e4nis. <\/p>\n\n\n\n<p>Read More <a href=\"https:\/\/www.eraluvat.fi\/metsastys\/pienriistaluvat\/alueet\/hetta-karesuvanto.html\">poronhoidon huomioimisesta <\/a>mets\u00e4st\u00e4ess\u00e4si alueella<\/p>","protected":false},"excerpt":{"rendered":"<p>Villa Jatuni sijaitsee aivan Muonionjoen rannalla. Er\u00e4luvat.fi kertoo joesta: \u201dTornion-Muonionjoki on Euroopan pisin vapaana virtaava lohijoki. Se on my\u00f6s Suomen &hellip; <a href=\"https:\/\/jatuni.fi\/en\/kalastus\/\" class=\"more-link\">Continue reading <span class=\"screen-reader-text\">Er\u00e4, kalastus ja mets\u00e4stys<\/span><\/a><\/p>","protected":false},"author":6,"featured_media":16,"parent":0,"menu_order":0,"comment_status":"closed","ping_status":"closed","template":"","meta":{"footnotes":""},"class_list":["post-173","page","type-page","status-publish","has-post-thumbnail","hentry"],"_links":{"self":[{"href":"https:\/\/jatuni.fi\/en\/wp-json\/wp\/v2\/pages\/173","targetHints":{"allow":["GET"]}}],"collection":[{"href":"https:\/\/jatuni.fi\/en\/wp-json\/wp\/v2\/pages"}],"about":[{"href":"https:\/\/jatuni.fi\/en\/wp-json\/wp\/v2\/types\/page"}],"author":[{"embeddable":true,"href":"https:\/\/jatuni.fi\/en\/wp-json\/wp\/v2\/users\/6"}],"replies":[{"embeddable":true,"href":"https:\/\/jatuni.fi\/en\/wp-json\/wp\/v2\/comments?post=173"}],"version-history":[{"count":16,"href":"https:\/\/jatuni.fi\/en\/wp-json\/wp\/v2\/pages\/173\/revisions"}],"predecessor-version":[{"id":527,"href":"https:\/\/jatuni.fi\/en\/wp-json\/wp\/v2\/pages\/173\/revisions\/527"}],"wp:featuredmedia":[{"embeddable":true,"href":"https:\/\/jatuni.fi\/en\/wp-json\/wp\/v2\/media\/16"}],"wp:attachment":[{"href":"https:\/\/jatuni.fi\/en\/wp-json\/wp\/v2\/media?parent=173"}],"curies":[{"name":"wp","href":"https:\/\/api.w.org\/{rel}","templated":true}]}}