{"id":175,"date":"2024-01-09T10:46:40","date_gmt":"2024-01-09T10:46:40","guid":{"rendered":"http:\/\/jatuni.fi\/?page_id=175"},"modified":"2024-01-12T09:50:07","modified_gmt":"2024-01-12T07:50:07","slug":"varausehdot","status":"publish","type":"page","link":"https:\/\/jatuni.fi\/en\/varausehdot\/","title":{"rendered":"Terms"},"content":{"rendered":"<p><strong>Hinnoittelu<\/strong><\/p>\n\n\n\n<p>Saat aina edullisimman hinnan varaamalla suoraan jatuni.fi sivustolta. Jos l\u00f6yd\u00e4t Airbnb:n tai Lomarenkaan kautta edullisemman hinnan, lupaamme antaa sinulle 5% alennuksen kyseist\u00e4 hinnasta jatuni.fi-sivustolta varaamalla.<\/p>\n\n\n\n<p><strong>Varausten vahvistaminen<\/strong><\/p>\n\n\n\n<p>Hallitsemme varauksia kolmessa eri j\u00e4rjestelm\u00e4ss\u00e4 (Airbnb, Lomarengas ja suorat varaukset). Pyrimme siihen, ett\u00e4 kaikki kalenterit ovat aina ajan tasalla kesken\u00e4\u00e4n, mutta toisinaan varauskalentereissa on virheit\u00e4. Esimerkiksi niin, ett\u00e4 p\u00e4iv\u00e4 on varattavissa, vaikka se on jo vuokrattu toisessa j\u00e4rjestelm\u00e4ss\u00e4. <\/p>\n\n\n\n<p>T\u00e4ll\u00e4isiss\u00e4 tapauksissa annamme aina ensimm\u00e4isen\u00e4 varauksen tehneelle oikeuden varata talo itselleen. Pyrimme tietysti tekem\u00e4\u00e4n kaikkemme, ett\u00e4 t\u00e4ll\u00e4isi\u00e4 virheit\u00e4 ei sattuisi.<\/p>\n\n\n\n<p><strong>Varaaminen, maksaminen ja majoituksen peruminen<\/strong><\/p>\n\n\n\n<p>Minimivarausaika on 3 vuorokautta. Majoitus tulee maksaa er\u00e4p\u00e4iv\u00e4\u00e4n menness\u00e4, 14 vuorokautta ennen majoituksen alkua. Voit my\u00f6s peruuttaa majoituksen ilman lis\u00e4kuluja 14vrk ennen saapumista saakka. Sen j\u00e4lkeen varausmaksua ei hyvitet\u00e4. Peruutus katsotaan suoritetuksi kuin kirjallinen ilmoitus on saapunut majoittajalle.<\/p>\n\n\n\n<p>Mik\u00e4li maksua ei ole suoritettu 14 vuorokautta ennen saapumista, majoittajalla on oikeus perua varaus. <\/p>\n\n\n\n<p><strong>Saapuminen<\/strong><\/p>\n\n\n\n<p>Talo on asiakkaan k\u00e4ytett\u00e4viss\u00e4 saapumisp\u00e4iv\u00e4st\u00e4 klo 16.00 l\u00e4ht\u00f6p\u00e4iv\u00e4\u00e4n klo 12.00. Mik\u00e4li siivouksen ym. kannalta mahdollista, joustamme ajoista asiakkaan toiveiden mukaan. <\/p>\n\n\n\n<p><strong>Koodilukko<\/strong><\/p>\n\n\n\n<p>Etuovessa on koodilukko. Saat avainkoodin viimeist\u00e4\u00e4n 3 vuorokautta ennen saapumista. <\/p>\n\n\n\n<p><strong>Wifi<\/strong><\/p>\n\n\n\n<p>Asunnossa on Ilmainen Wifi nimelt\u00e4 Villa Jatuni. Salasana on asukaskansiossa. <\/p>\n\n\n\n<p><strong>Lemmikit<\/strong><\/p>\n\n\n\n<p>Lemmikit ovat sallittuja talossa, mutta omistaja vastaa lemmikkien mahdollisesti aiheuttamista vahingoista. <\/p>\n\n\n\n<p><strong>Tupakointi<\/strong><\/p>\n\n\n\n<p>Tupakointi talossa on ehdottomasti kielletty.<\/p>\n\n\n\n<p><strong>Loppusiivous<\/strong><\/p>\n\n\n\n<p>Siivous ei sis\u00e4lly perushintaan. Voit hoitaa siivouksen itse poistuessasi tai maksaa siivousmaksun 120\u20ac. Katso tarkemmat siivousohjeet asukaskansiosta. <\/p>\n\n\n\n<p>Huomioithan, ett\u00e4 vaikka maksaisit siivouksesta, sinun tulee huolehtia seuraavista teht\u00e4vist\u00e4:<\/p>\n\n\n\n<ul class=\"wp-block-list\">\n<li>Astioiden pesu (astianpesukoneessa), puhtaat astiat voi j\u00e4tt\u00e4\u00e4 koneeseen<\/li>\n\n\n\n<li>Roskien vienti ulos<\/li>\n\n\n\n<li>Ruokien tyhjent\u00e4minen j\u00e4\u00e4kaapista<\/li>\n<\/ul>\n\n\n\n<p><strong>Liinavaatteet ja pyyhkeet<\/strong><\/p>\n\n\n\n<p>Liinavaatteet ja pyyhkeet eiv\u00e4t sis\u00e4lly perushintaan. Jos haluat vuokrata liinavaatteet ja pyyhkeet, hinta on 15\u20ac \/ henkil\u00f6. Ilmoita tarpeesta vuokrauksen yhteydess\u00e4. <\/p>\n\n\n\n<p>K\u00e4yt\u00e4th\u00e4n lakanoita my\u00f6s makuupussissa y\u00f6pyess\u00e4si.<\/p>\n\n\n\n<p><\/p>","protected":false},"excerpt":{"rendered":"<p>Hinnoittelu Saat aina edullisimman hinnan varaamalla suoraan jatuni.fi sivustolta. Jos l\u00f6yd\u00e4t Airbnb:n tai Lomarenkaan kautta edullisemman hinnan, lupaamme antaa sinulle &hellip; <a href=\"https:\/\/jatuni.fi\/en\/varausehdot\/\" class=\"more-link\">Continue reading <span class=\"screen-reader-text\">Terms<\/span><\/a><\/p>","protected":false},"author":6,"featured_media":354,"parent":0,"menu_order":0,"comment_status":"closed","ping_status":"closed","template":"","meta":{"footnotes":""},"class_list":["post-175","page","type-page","status-publish","has-post-thumbnail","hentry"],"_links":{"self":[{"href":"https:\/\/jatuni.fi\/en\/wp-json\/wp\/v2\/pages\/175","targetHints":{"allow":["GET"]}}],"collection":[{"href":"https:\/\/jatuni.fi\/en\/wp-json\/wp\/v2\/pages"}],"about":[{"href":"https:\/\/jatuni.fi\/en\/wp-json\/wp\/v2\/types\/page"}],"author":[{"embeddable":true,"href":"https:\/\/jatuni.fi\/en\/wp-json\/wp\/v2\/users\/6"}],"replies":[{"embeddable":true,"href":"https:\/\/jatuni.fi\/en\/wp-json\/wp\/v2\/comments?post=175"}],"version-history":[{"count":13,"href":"https:\/\/jatuni.fi\/en\/wp-json\/wp\/v2\/pages\/175\/revisions"}],"predecessor-version":[{"id":345,"href":"https:\/\/jatuni.fi\/en\/wp-json\/wp\/v2\/pages\/175\/revisions\/345"}],"wp:featuredmedia":[{"embeddable":true,"href":"https:\/\/jatuni.fi\/en\/wp-json\/wp\/v2\/media\/354"}],"wp:attachment":[{"href":"https:\/\/jatuni.fi\/en\/wp-json\/wp\/v2\/media?parent=175"}],"curies":[{"name":"wp","href":"https:\/\/api.w.org\/{rel}","templated":true}]}}