{"id":179,"date":"2024-01-09T10:47:01","date_gmt":"2024-01-09T10:47:01","guid":{"rendered":"http:\/\/jatuni.fi\/?page_id=179"},"modified":"2024-01-12T16:11:01","modified_gmt":"2024-01-12T14:11:01","slug":"retkeily","status":"publish","type":"page","link":"https:\/\/jatuni.fi\/en\/retkeily\/","title":{"rendered":"Vaellus ja retkeily"},"content":{"rendered":"<h2 class=\"wp-block-heading\">Nuotiopuut<\/h2>\n\n\n\n<p>Nuotion tekeminen ei kuulu jokamiehenoikeuksiin, mutta Lapissa  on annettu poikkeuslupa, joka sallii tulenteon maassa ker\u00e4tyist\u00e4 oksista, risuista ja juurakoista. <\/p>\n\n\n\n<blockquote class=\"wp-block-quote is-layout-flow wp-block-quote-is-layout-flow\">\n<p><em>Lapissa luonnonsuojelu- ja er\u00e4maa-alueiden ulkopuolella Mets\u00e4hallituksen tekem\u00e4n p\u00e4\u00e4t\u00f6ksen perusteella tulenteko on sallittua k\u00e4ytt\u00e4en maassa olevia kuivia oksia, risuja ja pieni\u00e4 juurakoita. Mutta siell\u00e4kin tulee k\u00e4ytt\u00e4\u00e4 huollettua tulentekopaikkaa, jos sellainen on alle puolen kilometrin et\u00e4isyydell\u00e4 tarjolla.&nbsp;<\/em><\/p>\n<cite>Luontoon.fi \/ Tulenteko<\/cite><\/blockquote>\n\n\n\n<p>Jos teet retken esimerkiksi l\u00e4hilaavulle, voit ottaa talolta mukaan kohtuullisen m\u00e4\u00e4r\u00e4n polttopuita ja sytykkeet. Muistathan aina noudattaa <a href=\"https:\/\/www.ilmatieteenlaitos.fi\/varoitukset\">voimassa olevia varoituksia<\/a>. <\/p>\n\n\n\n<h2 class=\"wp-block-heading\">Talon oma kota<\/h2>\n\n\n\n<p>Talon pihassa on kota, jossa voit pit\u00e4\u00e4 tulia ja paistaa makkaraa tai vaikka loimuttaa lohta.<\/p>\n\n\n\n<h2 class=\"wp-block-heading\">L\u00e4hilaavu<\/h2>\n\n\n<div class=\"wp-block-image\">\n<figure class=\"alignright size-full\"><img loading=\"lazy\" decoding=\"async\" width=\"480\" height=\"320\" src=\"https:\/\/jatuni.fi\/wp-content\/uploads\/2024\/01\/c210e3ce_original.jpg\" alt=\"\" class=\"wp-image-200\" srcset=\"https:\/\/jatuni.fi\/wp-content\/uploads\/2024\/01\/c210e3ce_original.jpg 480w, https:\/\/jatuni.fi\/wp-content\/uploads\/2024\/01\/c210e3ce_original-300x200.jpg 300w, https:\/\/jatuni.fi\/wp-content\/uploads\/2024\/01\/c210e3ce_original-174x116.jpg 174w\" sizes=\"auto, (max-width: 480px) 100vw, 480px\" \/><figcaption class=\"wp-element-caption\">L\u00e4hilaavu on aivan Muoniojoen rannalla<\/figcaption><\/figure>\n<\/div>\n\n\n<p>Aivan talon l\u00e4hell\u00e4, Muoniojoen rannalla on laavu, johon on helppo tehd\u00e4 p\u00e4iv\u00e4retki paistamaan makkaraa tai vain tuijottelemaan tuleen. <\/p>\n\n\n\n<p>Talvella lumikeg\u00e4t voivat olla tarpeen laavulle p\u00e4\u00e4semiseksi.<\/p>\n\n\n\n<h2 class=\"wp-block-heading\">Kilpisj\u00e4rven p\u00e4iv\u00e4retkikohteet<\/h2>\n\n\n\n<p>Kilpisj\u00e4rvi tarjoaa loputtoman m\u00e4\u00e4r\u00e4n kohteita p\u00e4iv\u00e4retkille ja pidemmille vaelluksille. <\/p>\n\n\n\n<p>Voit aloittaa retkeilyn esimerkiksi seuraavilla reiteill\u00e4:<\/p>\n\n\n\n<ul class=\"wp-block-list\">\n<li><a href=\"https:\/\/kaukokaipuumatkablogi.net\/saanan-huiputus-saanalle-kiipeaminen\/\">Saanan huiputus<\/a>, 8km<\/li>\n\n\n\n<li><a href=\"https:\/\/www.kilpisjarvenretkeilykeskus.fi\/etusivu\/saanan-luontopolku.html\">Saanan luontopolku<\/a>, 6km<\/li>\n\n\n\n<li><a href=\"https:\/\/www.luontoon.fi\/malla\/reitit\">Mallan reitit<\/a>, 6-11km<\/li>\n\n\n\n<li><a href=\"https:\/\/www.taipaleita.com\/post\/salmivaaran-huiputus-1-2km-x-2-kilpisj%C3%A4rvell%C3%A4\">Salmivaaran huiputus<\/a>, 2,4km<\/li>\n<\/ul>\n\n\n\n<h2 class=\"wp-block-heading\">Barraksen huiputus<\/h2>\n\n\n\n<p>Paras, Barras tai Parastinden. Tuo hainev\u00e4inen Kilpisj\u00e4rvelt\u00e4 n\u00e4kyv\u00e4 Norjan puolen tunturi kutsuu monia vaeltajia ja retkeilij\u00f6it\u00e4. Harva tiet\u00e4\u00e4, ett\u00e4 <a href=\"https:\/\/www.kilpisjarvenretkeilykeskus.fi\/etusivu\/huiputuspaiva-barrakselle.html\">Barraksen voi huiputtaa my\u00f6s p\u00e4iv\u00e4retken\u00e4<\/a> n. 15-16 kilometrin p\u00e4iv\u00e4matkana jolla nousua kertyy huimat l\u00e4hes 1400 metri\u00e4.<\/p>\n\n\n\n<p>Barraksen huiputus vaatii sopivat s\u00e4\u00e4olosuhteet, eik\u00e4 sit\u00e4 pid\u00e4 yritt\u00e4\u00e4, jos ei omaa riitt\u00e4v\u00e4\u00e4 kokemusta.<\/p>\n\n\n\n<p>Katso my\u00f6s: <a href=\"https:\/\/ut.no\/turforslag\/118690\/topptur-til-parastinden-barras-1419-moh\">Topptur til Parastinden<\/a> ja <a href=\"https:\/\/ut.no\/rest\/trip\/118690\/gpx\">GPX-j\u00e4lki<\/a>. Reitti l\u00e4htee <a href=\"https:\/\/www.google.com\/maps\/dir\/\/69.116103,20.100416\">Rognlin parkkipaikalta<\/a> jonne Jatunista tulee matkaa n. 205km ja ajoaikaa n. 3 tuntia.<\/p>\n\n\n\n<h2 class=\"wp-block-heading\">Kaarevaara<\/h2>\n\n\n\n<p>Kaarevaara on Ruotsin puolella Muonio-jokoea kohoava vaara, jonka huipulla oleva radiomasto hallitsee n\u00e4kym\u00e4\u00e4 l\u00e4nteen Villa Jatunista. Lue <a href=\"https:\/\/www.instagram.com\/p\/CyoGsIOMQO5\">Instagramista<\/a> lis\u00e4\u00e4 p\u00e4iv\u00e4retkest\u00e4 Kaarevaaralle. <\/p>\n\n\n\n<blockquote class=\"instagram-media\" data-instgrm-captioned data-instgrm-permalink=\"https:\/\/www.instagram.com\/p\/CyoGsIOMQO5\/?utm_source=ig_embed&amp;utm_campaign=loading\" data-instgrm-version=\"14\" style=\" background:#FFF; border:0; border-radius:3px; box-shadow:0 0 1px 0 rgba(0,0,0,0.5),0 1px 10px 0 rgba(0,0,0,0.15); margin: 1px; max-width:540px; min-width:326px; padding:0; width:99.375%; width:-webkit-calc(100% - 2px); width:calc(100% - 2px);\"><div style=\"padding:16px;\"> <a href=\"https:\/\/www.instagram.com\/p\/CyoGsIOMQO5\/?utm_source=ig_embed&amp;utm_campaign=loading\" style=\" background:#FFFFFF; line-height:0; padding:0 0; text-align:center; text-decoration:none; width:100%;\" target=\"_blank\" rel=\"noopener\"> <div style=\" display: flex; flex-direction: row; align-items: center;\"> <div style=\"background-color: #F4F4F4; border-radius: 50%; flex-grow: 0; height: 40px; margin-right: 14px; width: 40px;\"><\/div> <div style=\"display: flex; flex-direction: column; flex-grow: 1; justify-content: center;\"> <div style=\" background-color: #F4F4F4; border-radius: 4px; flex-grow: 0; height: 14px; margin-bottom: 6px; width: 100px;\"><\/div> <div style=\" background-color: #F4F4F4; border-radius: 4px; flex-grow: 0; height: 14px; width: 60px;\"><\/div><\/div><\/div><div style=\"padding: 19% 0;\"><\/div> <div style=\"display:block; height:50px; margin:0 auto 12px; width:50px;\"><svg width=\"50px\" height=\"50px\" viewbox=\"0 0 60 60\" version=\"1.1\" xmlns=\"https:\/\/www.w3.org\/2000\/svg\" xmlns:xlink=\"https:\/\/www.w3.org\/1999\/xlink\"><g stroke=\"none\" stroke-width=\"1\" fill=\"none\" fill-rule=\"evenodd\"><g transform=\"translate(-511.000000, -20.000000)\" fill=\"#000000\"><g><path d=\"M556.869,30.41 C554.814,30.41 553.148,32.076 553.148,34.131 C553.148,36.186 554.814,37.852 556.869,37.852 C558.924,37.852 560.59,36.186 560.59,34.131 C560.59,32.076 558.924,30.41 556.869,30.41 M541,60.657 C535.114,60.657 530.342,55.887 530.342,50 C530.342,44.114 535.114,39.342 541,39.342 C546.887,39.342 551.658,44.114 551.658,50 C551.658,55.887 546.887,60.657 541,60.657 M541,33.886 C532.1,33.886 524.886,41.1 524.886,50 C524.886,58.899 532.1,66.113 541,66.113 C549.9,66.113 557.115,58.899 557.115,50 C557.115,41.1 549.9,33.886 541,33.886 M565.378,62.101 C565.244,65.022 564.756,66.606 564.346,67.663 C563.803,69.06 563.154,70.057 562.106,71.106 C561.058,72.155 560.06,72.803 558.662,73.347 C557.607,73.757 556.021,74.244 553.102,74.378 C549.944,74.521 548.997,74.552 541,74.552 C533.003,74.552 532.056,74.521 528.898,74.378 C525.979,74.244 524.393,73.757 523.338,73.347 C521.94,72.803 520.942,72.155 519.894,71.106 C518.846,70.057 518.197,69.06 517.654,67.663 C517.244,66.606 516.755,65.022 516.623,62.101 C516.479,58.943 516.448,57.996 516.448,50 C516.448,42.003 516.479,41.056 516.623,37.899 C516.755,34.978 517.244,33.391 517.654,32.338 C518.197,30.938 518.846,29.942 519.894,28.894 C520.942,27.846 521.94,27.196 523.338,26.654 C524.393,26.244 525.979,25.756 528.898,25.623 C532.057,25.479 533.004,25.448 541,25.448 C548.997,25.448 549.943,25.479 553.102,25.623 C556.021,25.756 557.607,26.244 558.662,26.654 C560.06,27.196 561.058,27.846 562.106,28.894 C563.154,29.942 563.803,30.938 564.346,32.338 C564.756,33.391 565.244,34.978 565.378,37.899 C565.522,41.056 565.552,42.003 565.552,50 C565.552,57.996 565.522,58.943 565.378,62.101 M570.82,37.631 C570.674,34.438 570.167,32.258 569.425,30.349 C568.659,28.377 567.633,26.702 565.965,25.035 C564.297,23.368 562.623,22.342 560.652,21.575 C558.743,20.834 556.562,20.326 553.369,20.18 C550.169,20.033 549.148,20 541,20 C532.853,20 531.831,20.033 528.631,20.18 C525.438,20.326 523.257,20.834 521.349,21.575 C519.376,22.342 517.703,23.368 516.035,25.035 C514.368,26.702 513.342,28.377 512.574,30.349 C511.834,32.258 511.326,34.438 511.181,37.631 C511.035,40.831 511,41.851 511,50 C511,58.147 511.035,59.17 511.181,62.369 C511.326,65.562 511.834,67.743 512.574,69.651 C513.342,71.625 514.368,73.296 516.035,74.965 C517.703,76.634 519.376,77.658 521.349,78.425 C523.257,79.167 525.438,79.673 528.631,79.82 C531.831,79.965 532.853,80.001 541,80.001 C549.148,80.001 550.169,79.965 553.369,79.82 C556.562,79.673 558.743,79.167 560.652,78.425 C562.623,77.658 564.297,76.634 565.965,74.965 C567.633,73.296 568.659,71.625 569.425,69.651 C570.167,67.743 570.674,65.562 570.82,62.369 C570.966,59.17 571,58.147 571,50 C571,41.851 570.966,40.831 570.82,37.631\"><\/path><\/g><\/g><\/g><\/svg><\/div><div style=\"padding-top: 8px;\"> <div style=\" color:#3897f0; font-family:Arial,sans-serif; font-size:14px; font-style:normal; font-weight:550; line-height:18px;\">N\u00e4yt\u00e4 t\u00e4m\u00e4 julkaisu Instagramissa<\/div><\/div><div style=\"padding: 12.5% 0;\"><\/div> <div style=\"display: flex; flex-direction: row; margin-bottom: 14px; align-items: center;\"><div> <div style=\"background-color: #F4F4F4; border-radius: 50%; height: 12.5px; width: 12.5px; transform: translateX(0px) translateY(7px);\"><\/div> <div style=\"background-color: #F4F4F4; height: 12.5px; transform: rotate(-45deg) translateX(3px) translateY(1px); width: 12.5px; flex-grow: 0; margin-right: 14px; margin-left: 2px;\"><\/div> <div style=\"background-color: #F4F4F4; border-radius: 50%; height: 12.5px; width: 12.5px; transform: translateX(9px) translateY(-18px);\"><\/div><\/div><div style=\"margin-left: 8px;\"> <div style=\" background-color: #F4F4F4; border-radius: 50%; flex-grow: 0; height: 20px; width: 20px;\"><\/div> <div style=\" width: 0; height: 0; border-top: 2px solid transparent; border-left: 6px solid #f4f4f4; border-bottom: 2px solid transparent; transform: translateX(16px) translateY(-4px) rotate(30deg)\"><\/div><\/div><div style=\"margin-left: auto;\"> <div style=\" width: 0px; border-top: 8px solid #F4F4F4; border-right: 8px solid transparent; transform: translateY(16px);\"><\/div> <div style=\" background-color: #F4F4F4; flex-grow: 0; height: 12px; width: 16px; transform: translateY(-4px);\"><\/div> <div style=\" width: 0; height: 0; border-top: 8px solid #F4F4F4; border-left: 8px solid transparent; transform: translateY(-4px) translateX(8px);\"><\/div><\/div><\/div> <div style=\"display: flex; flex-direction: column; flex-grow: 1; justify-content: center; margin-bottom: 24px;\"> <div style=\" background-color: #F4F4F4; border-radius: 4px; flex-grow: 0; height: 14px; margin-bottom: 6px; width: 224px;\"><\/div> <div style=\" background-color: #F4F4F4; border-radius: 4px; flex-grow: 0; height: 14px; width: 144px;\"><\/div><\/div><\/a><p style=\" color:#c9c8cd; font-family:Arial,sans-serif; font-size:14px; line-height:17px; margin-bottom:0; margin-top:8px; overflow:hidden; padding:8px 0 7px; text-align:center; text-overflow:ellipsis; white-space:nowrap;\"><a href=\"https:\/\/www.instagram.com\/p\/CyoGsIOMQO5\/?utm_source=ig_embed&amp;utm_campaign=loading\" style=\" color:#c9c8cd; font-family:Arial,sans-serif; font-size:14px; font-style:normal; font-weight:normal; line-height:17px; text-decoration:none;\" target=\"_blank\" rel=\"noopener\">Henkil\u00f6n Villa Jatuni (@villajatuni) jakama julkaisu<\/a><\/p><\/div><\/blockquote> <script async src=\"\/\/www.instagram.com\/embed.js\"><\/script>","protected":false},"excerpt":{"rendered":"<p>Nuotiopuut Nuotion tekeminen ei kuulu jokamiehenoikeuksiin, mutta Lapissa on annettu poikkeuslupa, joka sallii tulenteon maassa ker\u00e4tyist\u00e4 oksista, risuista ja juurakoista. &hellip; <a href=\"https:\/\/jatuni.fi\/en\/retkeily\/\" class=\"more-link\">Continue reading <span class=\"screen-reader-text\">Vaellus ja retkeily<\/span><\/a><\/p>","protected":false},"author":6,"featured_media":0,"parent":0,"menu_order":0,"comment_status":"closed","ping_status":"closed","template":"","meta":{"footnotes":""},"class_list":["post-179","page","type-page","status-publish","hentry"],"_links":{"self":[{"href":"https:\/\/jatuni.fi\/en\/wp-json\/wp\/v2\/pages\/179","targetHints":{"allow":["GET"]}}],"collection":[{"href":"https:\/\/jatuni.fi\/en\/wp-json\/wp\/v2\/pages"}],"about":[{"href":"https:\/\/jatuni.fi\/en\/wp-json\/wp\/v2\/types\/page"}],"author":[{"embeddable":true,"href":"https:\/\/jatuni.fi\/en\/wp-json\/wp\/v2\/users\/6"}],"replies":[{"embeddable":true,"href":"https:\/\/jatuni.fi\/en\/wp-json\/wp\/v2\/comments?post=179"}],"version-history":[{"count":17,"href":"https:\/\/jatuni.fi\/en\/wp-json\/wp\/v2\/pages\/179\/revisions"}],"predecessor-version":[{"id":461,"href":"https:\/\/jatuni.fi\/en\/wp-json\/wp\/v2\/pages\/179\/revisions\/461"}],"wp:attachment":[{"href":"https:\/\/jatuni.fi\/en\/wp-json\/wp\/v2\/media?parent=179"}],"curies":[{"name":"wp","href":"https:\/\/api.w.org\/{rel}","templated":true}]}}