{"id":183,"date":"2024-01-09T10:47:28","date_gmt":"2024-01-09T10:47:28","guid":{"rendered":"http:\/\/jatuni.fi\/?page_id=183"},"modified":"2024-01-12T20:57:50","modified_gmt":"2024-01-12T18:57:50","slug":"hiihtaminen-ja-laskettelu","status":"publish","type":"page","link":"https:\/\/jatuni.fi\/en\/hiihtaminen-ja-laskettelu\/","title":{"rendered":"Hiiht\u00e4minen, laskettelu ja lumikenk\u00e4ily"},"content":{"rendered":"<p>Enonteki\u00f6 tarjoaa murtomaahiiht\u00e4jille satoja kilometrej\u00e4 latuja. Jos haluat yhdist\u00e4\u00e4 laskettelun hurman ja hiihtokeskusten vilin\u00e4n Villa Jatunin tarjoamaan luonnon rauhaan, l\u00f6yd\u00e4t monta laskettelukeskusta p\u00e4iv\u00e4matkan p\u00e4\u00e4ss\u00e4. Ja lumikengill\u00e4 n\u00e4ht\u00e4v\u00e4\u00e4 l\u00f6ytyy loputtomasti niin talon ymp\u00e4rist\u00f6st\u00e4, Hetasta kuin Kilpisj\u00e4rven maisemistakin.<\/p>\n\n\n\n<h2 class=\"wp-block-heading\">Laskettelu<\/h2>\n\n\n\n<p>L\u00e4himp\u00e4n\u00e4 Villa Jatunia on <a href=\"https:\/\/www.hettahiihtomaa.fi\/\">Hetta Hiihtomaa<\/a> (60km, ajoaika 51 minuuttia), joka tarjoaa mahdollisuuden ja v\u00e4lineet niin lasketteluun, lumilautailuun kuin <a href=\"https:\/\/www.hettahiihtomaa.fi\/fi\/hiihto\/\">murtomaahiihtoon<\/a>. <\/p>\n\n\n\n<p>Jos mielesi tekee p\u00e4\u00e4st\u00e4 isompiin m\u00e4kiin, katso esimerkiksi seuraavat laskettelukeskukset:<\/p>\n\n\n\n<ul class=\"wp-block-list\">\n<li><a href=\"https:\/\/maps.app.goo.gl\/EJfPisSwFm1wpDnA8\">Olos<\/a>, et\u00e4isyys talosta 87 km (1h 4min ajomatka)<\/li>\n\n\n\n<li><a href=\"https:\/\/maps.app.goo.gl\/WvRxmcwtpvW2wZQE8\">Pallas<\/a>, et\u00e4isyys talosta 111 km (1h 24min ajomatka)<\/li>\n\n\n\n<li><a href=\"https:\/\/maps.app.goo.gl\/Z6vD5Jcsrjmcj4278\">Yll\u00e4s<\/a>, et\u00e4isyys talosta 142 km (1h 57min ajomatka)<\/li>\n\n\n\n<li><a href=\"https:\/\/maps.app.goo.gl\/YDYnVozP8TJN9oS57\">Levi<\/a>, et\u00e4isyys talosta 146 km (1h 53min ajomatka)<\/li>\n<\/ul>\n\n\n\n<h2 class=\"wp-block-heading\">Murtomaahiihto<\/h2>\n\n\n\n<p>Yli-Kyr\u00f6n, Hetan ja Kilpisj\u00e4rven latuja esittelee hyvin<a href=\"https:\/\/enontekiolapland.com\/reitit\/hiihtoladut\/\"> Enonteki\u00f6 K\u00e4sivarren Lappi- sivusto<\/a>. Latutilannetta voi seurata mm. <a href=\"https:\/\/ladulle.fi\/ladut\/enontekio\">Ladulle.fi kautta<\/a>. <\/p>\n\n\n\n<h2 class=\"wp-block-heading\">Hiiht\u00e4minen tunturissa<\/h2>\n\n\n<div class=\"wp-block-image\">\n<figure class=\"alignright size-large is-resized\"><img loading=\"lazy\" decoding=\"async\" width=\"1024\" height=\"683\" src=\"https:\/\/jatuni.fi\/wp-content\/uploads\/2024\/01\/9109b1637bde259067cdc4410f45c696-1024x683.jpeg\" alt=\"\" class=\"wp-image-484\" style=\"width:451px;height:auto\" srcset=\"https:\/\/jatuni.fi\/wp-content\/uploads\/2024\/01\/9109b1637bde259067cdc4410f45c696-1024x683.jpeg 1024w, https:\/\/jatuni.fi\/wp-content\/uploads\/2024\/01\/9109b1637bde259067cdc4410f45c696-300x200.jpeg 300w, https:\/\/jatuni.fi\/wp-content\/uploads\/2024\/01\/9109b1637bde259067cdc4410f45c696-768x512.jpeg 768w, https:\/\/jatuni.fi\/wp-content\/uploads\/2024\/01\/9109b1637bde259067cdc4410f45c696-1536x1024.jpeg 1536w, https:\/\/jatuni.fi\/wp-content\/uploads\/2024\/01\/9109b1637bde259067cdc4410f45c696-18x12.jpeg 18w, https:\/\/jatuni.fi\/wp-content\/uploads\/2024\/01\/9109b1637bde259067cdc4410f45c696-174x116.jpeg 174w, https:\/\/jatuni.fi\/wp-content\/uploads\/2024\/01\/9109b1637bde259067cdc4410f45c696.jpeg 2048w\" sizes=\"auto, (max-width: 1024px) 100vw, 1024px\" \/><\/figure>\n<\/div>\n\n\n<p>Vuokraamalla tunturisukset aukeaa hiiht\u00e4j\u00e4lle rajattomat mahdollisuudet koluta lumisia er\u00e4maita. Tunturissa hiiht\u00e4misess\u00e4 on kuitenkin aina riskej\u00e4, jotka tulee ottaa huomioon. S\u00e4\u00e4olosuhteet vaihtuvat tunturissa nopeasti, ja eksyminen on todellinen mahdollisuus. Tee siis hiihtoretket tunturiin vain taitojesi ja varusteidesi  asettamissa rajoissa.<\/p>\n\n\n\n<p>Tunturisuksia voi vuokrata esimerkiksi <a href=\"https:\/\/www.kilpisjarvenretkeilykeskus.fi\/yleista\/valinevuokrahinnasto.html\">Kilpisj\u00e4rven retkeilykeskukselta<\/a>.<\/p>\n\n\n\n<h2 class=\"wp-block-heading\">Lumikenk\u00e4ily<\/h2>\n\n\n\n<p>Lumikeng\u00e4t ovat helppo tapa tutustua ymp\u00e4rist\u00f6\u00f6n antamatta hangen rajoittaa liikkumista. Lumikenki\u00e4 vuokraa mm. <a href=\"https:\/\/www.hettahuskies.com\/fi\/shop-and-kit-hire\/ski-and-snowshoe-hire\">Hetta Huskies<\/a><\/p>\n\n\n\n<p>Katso merkittyj\u00e4 lumikenk\u00e4reittej\u00e4 <a href=\"https:\/\/enontekiolapland.com\/reitit\/lumikenkareitit\/\">Enonteki\u00f6n sivuilta<\/a><\/p>","protected":false},"excerpt":{"rendered":"<p>Enonteki\u00f6 tarjoaa murtomaahiiht\u00e4jille satoja kilometrej\u00e4 latuja. Jos haluat yhdist\u00e4\u00e4 laskettelun hurman ja hiihtokeskusten vilin\u00e4n Villa Jatunin tarjoamaan luonnon rauhaan, l\u00f6yd\u00e4t &hellip; <a href=\"https:\/\/jatuni.fi\/en\/hiihtaminen-ja-laskettelu\/\" class=\"more-link\">Continue reading <span class=\"screen-reader-text\">Hiiht\u00e4minen, laskettelu ja lumikenk\u00e4ily<\/span><\/a><\/p>","protected":false},"author":6,"featured_media":487,"parent":0,"menu_order":0,"comment_status":"closed","ping_status":"closed","template":"","meta":{"footnotes":""},"class_list":["post-183","page","type-page","status-publish","has-post-thumbnail","hentry"],"_links":{"self":[{"href":"https:\/\/jatuni.fi\/en\/wp-json\/wp\/v2\/pages\/183","targetHints":{"allow":["GET"]}}],"collection":[{"href":"https:\/\/jatuni.fi\/en\/wp-json\/wp\/v2\/pages"}],"about":[{"href":"https:\/\/jatuni.fi\/en\/wp-json\/wp\/v2\/types\/page"}],"author":[{"embeddable":true,"href":"https:\/\/jatuni.fi\/en\/wp-json\/wp\/v2\/users\/6"}],"replies":[{"embeddable":true,"href":"https:\/\/jatuni.fi\/en\/wp-json\/wp\/v2\/comments?post=183"}],"version-history":[{"count":17,"href":"https:\/\/jatuni.fi\/en\/wp-json\/wp\/v2\/pages\/183\/revisions"}],"predecessor-version":[{"id":555,"href":"https:\/\/jatuni.fi\/en\/wp-json\/wp\/v2\/pages\/183\/revisions\/555"}],"wp:featuredmedia":[{"embeddable":true,"href":"https:\/\/jatuni.fi\/en\/wp-json\/wp\/v2\/media\/487"}],"wp:attachment":[{"href":"https:\/\/jatuni.fi\/en\/wp-json\/wp\/v2\/media?parent=183"}],"curies":[{"name":"wp","href":"https:\/\/api.w.org\/{rel}","templated":true}]}}