{"id":191,"date":"2024-01-09T10:48:14","date_gmt":"2024-01-09T10:48:14","guid":{"rendered":"http:\/\/jatuni.fi\/?page_id=191"},"modified":"2025-10-17T19:20:51","modified_gmt":"2025-10-17T16:20:51","slug":"aktiviteetit","status":"publish","type":"page","link":"https:\/\/jatuni.fi\/en\/aktiviteetit\/","title":{"rendered":"Activities"},"content":{"rendered":"<p>Villa Jatuni ymp\u00e4rist\u00f6ineen tarjoaa rajattomia mahdollisuuksia harrastaa ymp\u00e4ri vuoden. Hyv\u00e4 tapa tutustua Villa Jatunin harrastusmahdollisuuksiin on <a href=\"https:\/\/jatuni.fi\/en\/villajatuniblog\/\" data-type=\"page\" data-id=\"169\">Villa Jatuni -blogi<\/a>, jossa talon omistajat kertovat siit\u00e4, miten he itse viett\u00e4v\u00e4t aikaa. <\/p>\n\n\n\n<h2 class=\"wp-block-heading\">Kev\u00e4t<\/h2>\n\n\n\n<p>Kev\u00e4t on hiiht\u00e4misen, laskettelun ja lumikenk\u00e4ilyn kulta-aikaa. Aurinko nousee jo tunturien yli ja kovimmat pakkaset ovat j\u00e4\u00e4neet taakse. ja hankikanto ja kultainen aurinko tekev\u00e4t tunturimaisemista maagisen kokemuksen.<\/p>\n\n\n\n<p>Samoista syist\u00e4 kev\u00e4t on my\u00f6s husky-valjakoiden ja moottorikelkkailun parasta sesonkia. <\/p>\n\n\n\n<p> Innokkaimmat hiiht\u00e4j\u00e4t l\u00f6yt\u00e4v\u00e4t hankea p\u00e4iv\u00e4matkan p\u00e4\u00e4ss\u00e4 talolta viel\u00e4 Juhannuksena. <\/p>\n\n\n\n<p>Katso lis\u00e4\u00e4: <\/p>\n\n\n\n<ul class=\"wp-block-list\">\n<li><a href=\"https:\/\/jatuni.fi\/en\/hiihtaminen-ja-laskettelu\/\" data-type=\"page\" data-id=\"183\">Hiiht\u00e4minen, laskettelu ja lumikenk\u00e4ily<\/a><\/li>\n\n\n\n<li><a href=\"https:\/\/jatuni.fi\/en\/moottorikelkkailu\/\" data-type=\"page\" data-id=\"181\">Moottorikelkkailu ja husky-valjatkot<\/a><\/li>\n\n\n\n<li><a href=\"https:\/\/jatuni.fi\/en\/revontulet\/\" data-type=\"page\" data-id=\"430\">Revontulet<\/a><\/li>\n<\/ul>\n\n\n\n<h2 class=\"wp-block-heading\">Kes\u00e4<\/h2>\n\n\n\n<p>Kes\u00e4 on kalastajien ja mets\u00e4st\u00e4jien sek\u00e4 vaeltajien ja retkeilij\u00f6iden sesonki. Viel\u00e4 2010-luvulla Lappi hiljeni kes\u00e4ksi, mutta nyky\u00e4\u00e4n Villa Jatuni on vuokrattu l\u00e4pi kes\u00e4n. <\/p>\n\n\n\n<p>Innokkaimmat kalamiehet tulevat Villa Jatuniin Euroopasta saakka, mutta  siin\u00e4, miss\u00e4 talvisesonki on Villa Jatunissa \u00e4\u00e4rimm\u00e4isen kansainv\u00e4linen, Lapin kes\u00e4 vet\u00e4\u00e4 meille ilahduttavan paljon kotimaisia matkailijoita. <\/p>\n\n\n\n<p>Katso lis\u00e4\u00e4:<\/p>\n\n\n\n<ul class=\"wp-block-list\">\n<li><a href=\"https:\/\/jatuni.fi\/en\/kalastus\/\" data-type=\"page\" data-id=\"173\">Er\u00e4, kalastus ja mets\u00e4stys<\/a><\/li>\n\n\n\n<li><a href=\"https:\/\/jatuni.fi\/en\/retkeily\/\" data-type=\"page\" data-id=\"179\">Vaellus ja retkeily<\/a><\/li>\n<\/ul>\n\n\n\n<h2 class=\"wp-block-heading\">Syksy<\/h2>\n\n\n\n<p>Syyskuu ja ruska-aika on ehk\u00e4 paras aika retkeill\u00e4 lapissa. S\u00e4\u00e4sket ja hyttyset ovat jo v\u00e4istyneet, mutta kovat pakkaset antavat viel\u00e4 odottaa itse\u00e4\u00e4n. Kuulaassa ja happirikkaassa ilmassa ajatus kulkee ja ruskan v\u00e4ri-iloittelusta nauttiessa mieli lep\u00e4\u00e4. <\/p>\n\n\n\n<p>Katso lis\u00e4\u00e4:<\/p>\n\n\n\n<ul class=\"wp-block-list\">\n<li><a href=\"https:\/\/jatuni.fi\/en\/retkeily\/\" data-type=\"page\" data-id=\"179\">Vaellus ja retkeily<\/a><\/li>\n<\/ul>\n\n\n\n<h2 class=\"wp-block-heading\">Talvi<\/h2>\n\n\n\n<p>Lappi ja talvi kuuluvat yhteen. Kaamos poissa kaupunkin loskaisista kaduista ei ole ahdistava, vaan puhdistava kokemus. Revontulet loistavat pime\u00e4ll\u00e4 taivaalla ja t\u00e4hdet kurkottavat kohti ihmist\u00e4 tavalla, jota ei etel\u00e4n valonsaasteessa voi kokea. <\/p>\n\n\n\n<p>Katso lis\u00e4\u00e4:<\/p>\n\n\n\n<ul class=\"wp-block-list\">\n<li><a href=\"https:\/\/jatuni.fi\/en\/hiihtaminen-ja-laskettelu\/\" data-type=\"page\" data-id=\"183\">Hiiht\u00e4minen, laskettelu ja lumikenk\u00e4ily<\/a><\/li>\n\n\n\n<li><a href=\"https:\/\/jatuni.fi\/en\/moottorikelkkailu\/\" data-type=\"page\" data-id=\"181\">Moottorikelkkailu ja husky-valjatkot<\/a><\/li>\n\n\n\n<li><a href=\"https:\/\/jatuni.fi\/en\/revontulet\/\" data-type=\"page\" data-id=\"430\">Revontulet<\/a><\/li>\n\n\n\n<li><a href=\"https:\/\/jatuni.fi\/en\/viihtyminen-talon-rauhassa\/\" data-type=\"page\" data-id=\"422\">Viihtyminen talon rauhassa<\/a><\/li>\n<\/ul>","protected":false},"excerpt":{"rendered":"<p>Villa Jatuni ymp\u00e4rist\u00f6ineen tarjoaa rajattomia mahdollisuuksia harrastaa ymp\u00e4ri vuoden. Hyv\u00e4 tapa tutustua Villa Jatunin harrastusmahdollisuuksiin on Villa Jatuni -blogi, jossa &hellip; <a href=\"https:\/\/jatuni.fi\/en\/aktiviteetit\/\" class=\"more-link\">Continue reading <span class=\"screen-reader-text\">Activities<\/span><\/a><\/p>","protected":false},"author":6,"featured_media":0,"parent":0,"menu_order":0,"comment_status":"closed","ping_status":"closed","template":"","meta":{"footnotes":""},"class_list":["post-191","page","type-page","status-publish","hentry"],"_links":{"self":[{"href":"https:\/\/jatuni.fi\/en\/wp-json\/wp\/v2\/pages\/191","targetHints":{"allow":["GET"]}}],"collection":[{"href":"https:\/\/jatuni.fi\/en\/wp-json\/wp\/v2\/pages"}],"about":[{"href":"https:\/\/jatuni.fi\/en\/wp-json\/wp\/v2\/types\/page"}],"author":[{"embeddable":true,"href":"https:\/\/jatuni.fi\/en\/wp-json\/wp\/v2\/users\/6"}],"replies":[{"embeddable":true,"href":"https:\/\/jatuni.fi\/en\/wp-json\/wp\/v2\/comments?post=191"}],"version-history":[{"count":9,"href":"https:\/\/jatuni.fi\/en\/wp-json\/wp\/v2\/pages\/191\/revisions"}],"predecessor-version":[{"id":627,"href":"https:\/\/jatuni.fi\/en\/wp-json\/wp\/v2\/pages\/191\/revisions\/627"}],"wp:attachment":[{"href":"https:\/\/jatuni.fi\/en\/wp-json\/wp\/v2\/media?parent=191"}],"curies":[{"name":"wp","href":"https:\/\/api.w.org\/{rel}","templated":true}]}}