{"id":422,"date":"2024-01-12T14:47:11","date_gmt":"2024-01-12T12:47:11","guid":{"rendered":"https:\/\/jatuni.fi\/?page_id=422"},"modified":"2024-01-12T20:03:51","modified_gmt":"2024-01-12T18:03:51","slug":"viihtyminen-talon-rauhassa","status":"publish","type":"page","link":"https:\/\/jatuni.fi\/en\/viihtyminen-talon-rauhassa\/","title":{"rendered":"Viihtyminen talon rauhassa"},"content":{"rendered":"<p>Lappiin on lupa tulla my\u00f6s hiljentym\u00e4\u00e4n. Jokaista p\u00e4iv\u00e4\u00e4 ei tarvitse t\u00e4ytt\u00e4\u00e4 aktiviteeteilla ja toiminnalla. Lapissa el\u00e4m\u00e4 virtaa luonnostaan hitaammin. <\/p>\n\n\n\n<p>Voit viett\u00e4\u00e4 aikaa saunoen, revontulia katsellen ja kenties talon ymp\u00e4rist\u00f6ss\u00e4 lumikenk\u00e4illen. Kun pakkanen puraisee liian kovaa, talon l\u00e4mp\u00f6 kutsuu nopeasti. <\/p>\n\n\n\n<p>Nuotiota voi tuijotella talon omassa kodassa, tai ihastella kodan silhuettia ja kilistell\u00e4 kuohuvaa kodan taakse laskevan auringon kullatessa maiseman (ja loman muistot) l\u00e4mpim\u00e4ll\u00e4 valollaan. <\/p>\n\n\n\n<p>Villa Jatuni on my\u00f6s erinomainen milj\u00f6\u00f6 omatoimisille retriiteille, rauhoittumiselle ja hiljentymiselle poissa arjen vilin\u00e4st\u00e4.<\/p>","protected":false},"excerpt":{"rendered":"<p>Lappiin on lupa tulla my\u00f6s hiljentym\u00e4\u00e4n. Jokaista p\u00e4iv\u00e4\u00e4 ei tarvitse t\u00e4ytt\u00e4\u00e4 aktiviteeteilla ja toiminnalla. Lapissa el\u00e4m\u00e4 virtaa luonnostaan hitaammin. Voit &hellip; <a href=\"https:\/\/jatuni.fi\/en\/viihtyminen-talon-rauhassa\/\" class=\"more-link\">Continue reading <span class=\"screen-reader-text\">Viihtyminen talon rauhassa<\/span><\/a><\/p>","protected":false},"author":6,"featured_media":517,"parent":0,"menu_order":0,"comment_status":"closed","ping_status":"closed","template":"","meta":{"footnotes":""},"class_list":["post-422","page","type-page","status-publish","has-post-thumbnail","hentry"],"_links":{"self":[{"href":"https:\/\/jatuni.fi\/en\/wp-json\/wp\/v2\/pages\/422","targetHints":{"allow":["GET"]}}],"collection":[{"href":"https:\/\/jatuni.fi\/en\/wp-json\/wp\/v2\/pages"}],"about":[{"href":"https:\/\/jatuni.fi\/en\/wp-json\/wp\/v2\/types\/page"}],"author":[{"embeddable":true,"href":"https:\/\/jatuni.fi\/en\/wp-json\/wp\/v2\/users\/6"}],"replies":[{"embeddable":true,"href":"https:\/\/jatuni.fi\/en\/wp-json\/wp\/v2\/comments?post=422"}],"version-history":[{"count":8,"href":"https:\/\/jatuni.fi\/en\/wp-json\/wp\/v2\/pages\/422\/revisions"}],"predecessor-version":[{"id":524,"href":"https:\/\/jatuni.fi\/en\/wp-json\/wp\/v2\/pages\/422\/revisions\/524"}],"wp:featuredmedia":[{"embeddable":true,"href":"https:\/\/jatuni.fi\/en\/wp-json\/wp\/v2\/media\/517"}],"wp:attachment":[{"href":"https:\/\/jatuni.fi\/en\/wp-json\/wp\/v2\/media?parent=422"}],"curies":[{"name":"wp","href":"https:\/\/api.w.org\/{rel}","templated":true}]}}