{"id":430,"date":"2024-01-12T15:12:44","date_gmt":"2024-01-12T13:12:44","guid":{"rendered":"https:\/\/jatuni.fi\/?page_id=430"},"modified":"2024-01-12T19:13:07","modified_gmt":"2024-01-12T17:13:07","slug":"revontulet","status":"publish","type":"page","link":"https:\/\/jatuni.fi\/en\/revontulet\/","title":{"rendered":"Revontulet"},"content":{"rendered":"<p>Revontulet ovat yksi halutuimpia n\u00e4ht\u00e4vyyksi\u00e4, joista varsinkin ulkomaiset vieraamme usein kysyv\u00e4t. T\u00e4m\u00e4n sivun kuvat on ottanut valokuvaaja <a href=\"https:\/\/en.ojlphotographies.com\/\">Olivier Jarry-Lacombe<\/a>, joka on k\u00e4ynyt kuvaamassa Suomen ja Norjan Lapin maisemia sek\u00e4 revontulia Villa Jatunissa jo kolme vuotta per\u00e4kk\u00e4in. <\/p>\n\n\n\n<p>Jatunin korkeudella revontulia esiintyy <a href=\"https:\/\/www.ilmatieteenlaitos.fi\/missa-ja-milloin\">l\u00e4hes kolmena p\u00e4iv\u00e4n\u00e4 nelj\u00e4st\u00e4.<\/a> Ilmatieteenlaitoksen mukaan paras aika katsella revontulia on 23.30. <\/p>\n\n\n\n<p>Jos s\u00e4\u00e4 on pilvinen, revontulia ei tietysti n\u00e4y. Useimmilla vierailla, jotka viipyv\u00e4t useamman p\u00e4iv\u00e4n, k\u00e4y tuuri s\u00e4\u00e4n suhteen ja pilvet rakoilevat niin paljon, ett\u00e4 revontulet tulevat esiin. <\/p>\n\n\n\n<p>Villa Jatunin vieraat voivat helposti j\u00e4rjest\u00e4\u00e4 my\u00f6s oman revontulisafarinsa tutkimalla pilvikarttoja, esimerkiksi <a href=\"https:\/\/www.foreca.fi\/satelliitti\">Forecalta<\/a> tai <a href=\"https:\/\/www.ilmatieteenlaitos.fi\/pilvet-pohjoismaat\">Ilmatieteen laitokselta<\/a><\/p>\n\n\n\n<p>Revontuliennusteet l\u00f6yd\u00e4t esimerkisi <a href=\"NOAA:lta\">NOAA:lta<\/a> ja <a href=\"https:\/\/www.spaceweatherlive.com\/en\/solar-activity.html\">SpaceWeather Livelt\u00e4<\/a><\/p>\n\n\n\n<p>Aina revontulia ei tarvitse l\u00e4hte\u00e4 katsomaan edes ulos saakka. T\u00e4ss\u00e4 Olivierin kuvassa revontulet n\u00e4kyv\u00e4t suoraan olohuoneen ikkunasta.<\/p>\n\n\n\n<figure class=\"wp-block-image size-large\"><img loading=\"lazy\" decoding=\"async\" width=\"1024\" height=\"682\" src=\"https:\/\/jatuni.fi\/wp-content\/uploads\/2024\/01\/DSC_9080CB-1024x682.jpeg\" alt=\"\" class=\"wp-image-506\" srcset=\"https:\/\/jatuni.fi\/wp-content\/uploads\/2024\/01\/DSC_9080CB-1024x682.jpeg 1024w, https:\/\/jatuni.fi\/wp-content\/uploads\/2024\/01\/DSC_9080CB-300x200.jpeg 300w, https:\/\/jatuni.fi\/wp-content\/uploads\/2024\/01\/DSC_9080CB-768x512.jpeg 768w, https:\/\/jatuni.fi\/wp-content\/uploads\/2024\/01\/DSC_9080CB-18x12.jpeg 18w, https:\/\/jatuni.fi\/wp-content\/uploads\/2024\/01\/DSC_9080CB-174x116.jpeg 174w, https:\/\/jatuni.fi\/wp-content\/uploads\/2024\/01\/DSC_9080CB.jpeg 1280w\" sizes=\"auto, (max-width: 1024px) 100vw, 1024px\" \/><figcaption class=\"wp-element-caption\">Kuva: <a href=\"https:\/\/en.ojlphotographies.com\/\">Olivier Jarry-Lacombe<\/a><\/figcaption><\/figure>","protected":false},"excerpt":{"rendered":"<p>Revontulet ovat yksi halutuimpia n\u00e4ht\u00e4vyyksi\u00e4, joista varsinkin ulkomaiset vieraamme usein kysyv\u00e4t. T\u00e4m\u00e4n sivun kuvat on ottanut valokuvaaja Olivier Jarry-Lacombe, joka &hellip; <a href=\"https:\/\/jatuni.fi\/en\/revontulet\/\" class=\"more-link\">Continue reading <span class=\"screen-reader-text\">Revontulet<\/span><\/a><\/p>","protected":false},"author":6,"featured_media":510,"parent":0,"menu_order":0,"comment_status":"closed","ping_status":"closed","template":"","meta":{"footnotes":""},"class_list":["post-430","page","type-page","status-publish","has-post-thumbnail","hentry"],"_links":{"self":[{"href":"https:\/\/jatuni.fi\/en\/wp-json\/wp\/v2\/pages\/430","targetHints":{"allow":["GET"]}}],"collection":[{"href":"https:\/\/jatuni.fi\/en\/wp-json\/wp\/v2\/pages"}],"about":[{"href":"https:\/\/jatuni.fi\/en\/wp-json\/wp\/v2\/types\/page"}],"author":[{"embeddable":true,"href":"https:\/\/jatuni.fi\/en\/wp-json\/wp\/v2\/users\/6"}],"replies":[{"embeddable":true,"href":"https:\/\/jatuni.fi\/en\/wp-json\/wp\/v2\/comments?post=430"}],"version-history":[{"count":7,"href":"https:\/\/jatuni.fi\/en\/wp-json\/wp\/v2\/pages\/430\/revisions"}],"predecessor-version":[{"id":516,"href":"https:\/\/jatuni.fi\/en\/wp-json\/wp\/v2\/pages\/430\/revisions\/516"}],"wp:featuredmedia":[{"embeddable":true,"href":"https:\/\/jatuni.fi\/en\/wp-json\/wp\/v2\/media\/510"}],"wp:attachment":[{"href":"https:\/\/jatuni.fi\/en\/wp-json\/wp\/v2\/media?parent=430"}],"curies":[{"name":"wp","href":"https:\/\/api.w.org\/{rel}","templated":true}]}}