{"id":5,"date":"2016-08-24T16:37:02","date_gmt":"2016-08-24T16:37:02","guid":{"rendered":"http:\/\/jatuni.fi\/?page_id=5"},"modified":"2021-07-28T19:34:28","modified_gmt":"2021-07-28T19:34:28","slug":"etusivu","status":"publish","type":"page","link":"https:\/\/jatuni.fi\/en\/etusivu\/","title":{"rendered":"Front Page"},"content":{"rendered":"<p>Tervetuloa Villa Jatuniin!<\/p>\n<p>Villa Jatuni tarjoaa k\u00e4ytt\u00f6\u00f6si laadukasta asumista Enonteki\u00f6ll\u00e4. Jopa\u00a0 kahdeksalle vieraalle soveltuvan talon saa vuokralle vaikka viikonlopuksi \u2013 tai koko kuukaudeksi. Talo on l\u00e4hell\u00e4 Karesuvantoa Jatunissa, j\u00e4ttil\u00e4isen kyl\u00e4ss\u00e4.<\/p>\n<p><a class=\"aw-widget-legal\" href=\"http:\/\/www.accuweather.com\/fi\/se\/karesuando\/308711\/weather-forecast\/308711\"><!-- By accessing and\/or using this code snippet, you agree to AccuWeather\u2019s terms and conditions (in English) which can be found at http:\/\/www.accuweather.com\/en\/free-weather-widgets\/terms and AccuWeather\u2019s Privacy Statement (in English) which can be found at http:\/\/www.accuweather.com\/en\/privacy. --><\/a><\/p>\n<div id=\"awcc1472062191912\" class=\"aw-widget-current\" data-locationkey=\"308711\" data-unit=\"c\" data-language=\"fi\" data-useip=\"false\" data-uid=\"awcc1472062191912\">\u00a0<\/div>\n<p><script src=\"http:\/\/oap.accuweather.com\/launch.js\" type=\"text\/javascript\"><\/script><\/p>\n<div><img decoding=\"async\" id=\"kamera\" class=\"alignnone\" src=\"\/kuva.php\" alt=\"V\u00e4yl\u00e4kamera\" width=\"100%\" \/><br \/><strong><strong>Muonionjoki kamera\u00a0\u00a0\u00a0<\/strong><\/strong><\/div>\n<div><strong><strong>Kuva p\u00e4ivittyy 2 min v\u00e4lein<br \/><\/strong><\/strong>\n<p>\u00a0<\/p>\n<h1>\u00a0<\/h1>\n<\/div>\n<p><script><br \/>\nvar i = 1;<br \/>\nsetInterval(function () { document.getElementById('kamera').src = '\/kuva.php?' + i++; }, 10000);<br \/>\n<\/script><\/p>\n<p><img loading=\"lazy\" decoding=\"async\" class=\"wp-image-46 alignright\" src=\"http:\/\/jatuni.fi\/wp-content\/uploads\/2016\/09\/2khqbile.bmp\" alt=\"2khqbile\" width=\"327\" height=\"327\" \/><\/p>\n<p><img loading=\"lazy\" decoding=\"async\" class=\"alignnone wp-image-74\" src=\"http:\/\/jatuni.fi\/wp-content\/uploads\/2016\/08\/27-300x200.jpg\" width=\"320\" height=\"213\" srcset=\"https:\/\/jatuni.fi\/wp-content\/uploads\/2016\/08\/27-300x200.jpg 300w, https:\/\/jatuni.fi\/wp-content\/uploads\/2016\/08\/27-768x511.jpg 768w, https:\/\/jatuni.fi\/wp-content\/uploads\/2016\/08\/27.jpg 960w\" sizes=\"auto, (max-width: 320px) 100vw, 320px\" \/><\/p>\n<p>Ymp\u00e4r\u00f6iv\u00e4 Lapin luonto tarjoaa puitteet mahtavaan lomaan, talvella hiiht\u00e4en ja kelkkaillen ja kes\u00e4ll\u00e4 <a href=\"http:\/\/www.eraluvat.fi\/metsastys\/pienriistaluvat\/alueet\/hetta-karesuvanto.html\">mets\u00e4st\u00e4en<\/a>, lohirikkaan Muonionjoen koskissa <a href=\"http:\/\/www.eraluvat.fi\/kalastus\/kalastusmaksut-ja-luvat\/vapalupa\/alueet\/tornionjoki-muonionjoki-konkamaeno.html\">kalastaen <\/a>tai vaeltaen.<\/p>\n<p>N\u00e4ht\u00e4vyyksi\u00e4 Jatunissa<\/p>\n<p><img loading=\"lazy\" decoding=\"async\" class=\"alignnone wp-image-68\" src=\"http:\/\/jatuni.fi\/wp-content\/uploads\/2016\/08\/17-300x200.jpg\" width=\"350\" height=\"233\" srcset=\"https:\/\/jatuni.fi\/wp-content\/uploads\/2016\/08\/17-300x200.jpg 300w, https:\/\/jatuni.fi\/wp-content\/uploads\/2016\/08\/17-768x511.jpg 768w, https:\/\/jatuni.fi\/wp-content\/uploads\/2016\/08\/17.jpg 960w\" sizes=\"auto, (max-width: 350px) 100vw, 350px\" \/><img loading=\"lazy\" decoding=\"async\" class=\"wp-image-17 alignleft\" src=\"http:\/\/jatuni.fi\/wp-content\/uploads\/2016\/08\/talo-2341-300x200.jpg\" alt=\"talo-2341\" width=\"341\" height=\"227\" srcset=\"https:\/\/jatuni.fi\/wp-content\/uploads\/2016\/08\/talo-2341-300x200.jpg 300w, https:\/\/jatuni.fi\/wp-content\/uploads\/2016\/08\/talo-2341-768x512.jpg 768w, https:\/\/jatuni.fi\/wp-content\/uploads\/2016\/08\/talo-2341-1024x683.jpg 1024w, https:\/\/jatuni.fi\/wp-content\/uploads\/2016\/08\/talo-2341-1200x800.jpg 1200w, https:\/\/jatuni.fi\/wp-content\/uploads\/2016\/08\/talo-2341.jpg 1240w\" sizes=\"auto, (max-width: 341px) 100vw, 341px\" \/><\/p>\n<p>Jatunin j\u00e4ttil\u00e4isest\u00e4 muistuttaa Jatunissa viel\u00e4kin kyl\u00e4n yl\u00e4puolella Muoniojokeen ulottuvat Pahankivet, j\u00e4ttil\u00e4isen varpaat, sek\u00e4 vanhoista sillankivist\u00e4 kyl\u00e4\u00e4n rakennettu J\u00e4ttil\u00e4inen.<br \/>Muoniojoella parisataa metri\u00e4 kyl\u00e4st\u00e4 pohjoiseen sijaitsevat pahankivet eli Jatunin j\u00e4ttil\u00e4isen jalat. Niit\u00e4 h\u00e4n viruttelee v\u00e4yl\u00e4ss\u00e4. V\u00e4yl\u00e4 l\u00e4hes tukkeutuu t\u00e4ll\u00e4 kohdalla. Pahankivill\u00e4 on my\u00f6s hiidenkirnu.<\/p>\n<p>Jos joku l\u00f6yt\u00e4\u00e4, niin ymp\u00e4rist\u00f6n j\u00e4nkiss\u00e4 on Jatunin j\u00e4ttil\u00e4isen jalanj\u00e4lki\u00e4.<\/p>\n<p><img loading=\"lazy\" decoding=\"async\" class=\"wp-image-10 alignleft\" src=\"http:\/\/jatuni.fi\/wp-content\/uploads\/2016\/08\/j\u00e4ttil\u00e4inen-300x219.jpg\" alt=\"j\u00e4ttil\u00e4inen\" width=\"309\" height=\"225\" srcset=\"https:\/\/jatuni.fi\/wp-content\/uploads\/2016\/08\/j\u00e4ttil\u00e4inen-300x219.jpg 300w, https:\/\/jatuni.fi\/wp-content\/uploads\/2016\/08\/j\u00e4ttil\u00e4inen-768x560.jpg 768w, https:\/\/jatuni.fi\/wp-content\/uploads\/2016\/08\/j\u00e4ttil\u00e4inen.jpg 992w\" sizes=\"auto, (max-width: 309px) 100vw, 309px\" \/><img loading=\"lazy\" decoding=\"async\" class=\"alignnone wp-image-76\" src=\"http:\/\/jatuni.fi\/wp-content\/uploads\/2016\/08\/30-300x169.jpg\" width=\"417\" height=\"235\" srcset=\"https:\/\/jatuni.fi\/wp-content\/uploads\/2016\/08\/30-300x169.jpg 300w, https:\/\/jatuni.fi\/wp-content\/uploads\/2016\/08\/30-768x433.jpg 768w, https:\/\/jatuni.fi\/wp-content\/uploads\/2016\/08\/30.jpg 960w\" sizes=\"auto, (max-width: 417px) 100vw, 417px\" \/><\/p>\n<p>Lis\u00e4tietoja Villa Jatunista kotakeino@gmail.com<\/p>\n\n\n<p><a href=\"https:\/\/instagram.com\/villajatuni\"><\/a><\/p>\n\n\n\n<figure class=\"wp-block-embed-instagram wp-block-embed is-type-rich is-provider-instagram\"><div class=\"wp-block-embed__wrapper\">\nhttps:\/\/www.instagram.com\/p\/CR4aXkclDGs\/?utm_medium=copy_link\n<\/div><\/figure>","protected":false},"excerpt":{"rendered":"<p>Tervetuloa Villa Jatuniin! Villa Jatuni tarjoaa k\u00e4ytt\u00f6\u00f6si laadukasta asumista Enonteki\u00f6ll\u00e4. Jopa\u00a0 kahdeksalle vieraalle soveltuvan talon saa vuokralle vaikka viikonlopuksi \u2013 &hellip; <a href=\"https:\/\/jatuni.fi\/en\/etusivu\/\" class=\"more-link\">Continue reading <span class=\"screen-reader-text\">Front Page<\/span><\/a><\/p>","protected":false},"author":1,"featured_media":0,"parent":0,"menu_order":0,"comment_status":"open","ping_status":"closed","template":"","meta":{"footnotes":""},"class_list":["post-5","page","type-page","status-publish","hentry"],"_links":{"self":[{"href":"https:\/\/jatuni.fi\/en\/wp-json\/wp\/v2\/pages\/5","targetHints":{"allow":["GET"]}}],"collection":[{"href":"https:\/\/jatuni.fi\/en\/wp-json\/wp\/v2\/pages"}],"about":[{"href":"https:\/\/jatuni.fi\/en\/wp-json\/wp\/v2\/types\/page"}],"author":[{"embeddable":true,"href":"https:\/\/jatuni.fi\/en\/wp-json\/wp\/v2\/users\/1"}],"replies":[{"embeddable":true,"href":"https:\/\/jatuni.fi\/en\/wp-json\/wp\/v2\/comments?post=5"}],"version-history":[{"count":38,"href":"https:\/\/jatuni.fi\/en\/wp-json\/wp\/v2\/pages\/5\/revisions"}],"predecessor-version":[{"id":154,"href":"https:\/\/jatuni.fi\/en\/wp-json\/wp\/v2\/pages\/5\/revisions\/154"}],"wp:attachment":[{"href":"https:\/\/jatuni.fi\/en\/wp-json\/wp\/v2\/media?parent=5"}],"curies":[{"name":"wp","href":"https:\/\/api.w.org\/{rel}","templated":true}]}}